{"id":11,"date":"2017-04-15T20:57:21","date_gmt":"2017-04-15T18:57:21","guid":{"rendered":"http:\/\/megamedix.sk\/?page_id=11"},"modified":"2024-09-18T19:57:00","modified_gmt":"2024-09-18T17:57:00","slug":"o-com-je-homeopatia","status":"publish","type":"page","link":"https:\/\/megamedix.sk\/","title":{"rendered":""},"content":{"rendered":"\n<p><\/p>\n\n\n<p>Ako pracova\u0165 s dotazn\u00edkom<\/p>\n<p>Vyberte si univerz\u00e1lny dotazn\u00edk spo\u013eahliv\u00fdch pr\u00edznakov alebo pod\u013ea Va\u0161ich po\u0165ia\u017e\u00ed (<a href=\"http:\/\/megamedix.sk\/?page_id=15\">CHRONICK\u00c9<\/a> alebo <a href=\"http:\/\/megamedix.sk\/?page_id=13\">AK\u00daTNE<\/a>). Odpovedajte iba na ot\u00e1zky, ktor\u00e9 m\u00f4\u017eete jasne pop\u00edsa\u0165. Vypl\u0148ujte iba pr\u00edznaky, ktor\u00e9 bezpodmiene\u010dne s\u00favisia s Va\u0161im chorobn\u00fdm stavom. Bli\u017e\u0161ie inform\u00e1cie s\u00fa uveden\u00e9 vo formul\u00e1roch.<\/p>\n<p>Vypl\u0148te interakt\u00edvne dotazn\u00edky:&nbsp;<a href=\"http:\/\/megamedix.sk\/?page_id=80\">INTERAKT\u00cdVNY-ak\u00fatny<\/a> alebo I<a href=\"http:\/\/megamedix.sk\/?page_id=151\">NTERAKT\u00cdVNY-chronick\u00fd<\/a>&nbsp;, ktor\u00fd po jeho vyplnen\u00ed odo\u0161lete tla\u010d\u00edtkom Odosla\u0165.<\/p>\n<p>Dotazn\u00edk si m\u00f4\u017eete <a href=\"http:\/\/megamedix.sk\/?page_id=159\">stiahnu\u0165 do po\u010d\u00edta\u010da<\/a>, vyplni\u0165 a odosla\u0165 emailom na adresu: <span style=\"text-decoration: underline;\">megamedix(at)megamedix.sk .<br \/><\/span><\/p>\n<p>V pr\u00edpade ot\u00e1zok, tieto po\u0161lite na&nbsp;<span style=\"text-decoration: underline;\">megamedix(at)megamedix.sk .<\/span><\/p>\n<p><a href=\"https:\/\/megamedix.sk\/wp-content\/uploads\/2018\/02\/lieky_prehlad_vsetky_20151007-.xlsx\">\u00a9<\/a> megamedix.sk<\/p>\n<\/p>\n\n\n<p><\/p>\n","protected":false},"excerpt":{"rendered":"<p>Ako pracova\u0165 s dotazn\u00edkom Vyberte si univerz\u00e1lny dotazn\u00edk spo\u013eahliv\u00fdch pr\u00edznakov alebo pod\u013ea Va\u0161ich po\u0165ia\u017e\u00ed (CHRONICK\u00c9 alebo AK\u00daTNE). Odpovedajte iba na ot\u00e1zky, ktor\u00e9 m\u00f4\u017eete jasne pop\u00edsa\u0165. Vypl\u0148ujte iba pr\u00edznaky, ktor\u00e9 bezpodmiene\u010dne s\u00favisia s Va\u0161im chorobn\u00fdm stavom. Bli\u017e\u0161ie inform\u00e1cie s\u00fa uveden\u00e9 vo formul\u00e1roch. Vypl\u0148te interakt\u00edvne dotazn\u00edky:&nbsp;INTERAKT\u00cdVNY-ak\u00fatny alebo INTERAKT\u00cdVNY-chronick\u00fd&nbsp;, ktor\u00fd po jeho vyplnen\u00ed odo\u0161lete tla\u010d\u00edtkom Odosla\u0165. Dotazn\u00edk si &hellip; <\/p>\n<p class=\"link-more\"><a href=\"https:\/\/megamedix.sk\/\" class=\"more-link\">Pokra\u010dova\u0165 v \u010d\u00edtan\u00ed<span class=\"screen-reader-text\"> &#8222;&#8220;<\/span><\/a><\/p>\n","protected":false},"author":3,"featured_media":0,"parent":0,"menu_order":0,"comment_status":"closed","ping_status":"closed","template":"","meta":{"footnotes":""},"class_list":["post-11","page","type-page","status-publish","hentry"],"_links":{"self":[{"href":"https:\/\/megamedix.sk\/index.php?rest_route=\/wp\/v2\/pages\/11","targetHints":{"allow":["GET"]}}],"collection":[{"href":"https:\/\/megamedix.sk\/index.php?rest_route=\/wp\/v2\/pages"}],"about":[{"href":"https:\/\/megamedix.sk\/index.php?rest_route=\/wp\/v2\/types\/page"}],"author":[{"embeddable":true,"href":"https:\/\/megamedix.sk\/index.php?rest_route=\/wp\/v2\/users\/3"}],"replies":[{"embeddable":true,"href":"https:\/\/megamedix.sk\/index.php?rest_route=%2Fwp%2Fv2%2Fcomments&post=11"}],"version-history":[{"count":40,"href":"https:\/\/megamedix.sk\/index.php?rest_route=\/wp\/v2\/pages\/11\/revisions"}],"predecessor-version":[{"id":2411,"href":"https:\/\/megamedix.sk\/index.php?rest_route=\/wp\/v2\/pages\/11\/revisions\/2411"}],"wp:attachment":[{"href":"https:\/\/megamedix.sk\/index.php?rest_route=%2Fwp%2Fv2%2Fmedia&parent=11"}],"curies":[{"name":"wp","href":"https:\/\/api.w.org\/{rel}","templated":true}]}}