{"id":13,"date":"2017-04-15T20:58:24","date_gmt":"2017-04-15T18:58:24","guid":{"rendered":"http:\/\/megamedix.sk\/?page_id=13"},"modified":"2017-04-20T13:14:27","modified_gmt":"2017-04-20T11:14:27","slug":"dotazniky-pre-akutne-stavy","status":"publish","type":"page","link":"https:\/\/megamedix.sk\/?page_id=13","title":{"rendered":"Dotazn\u00edky AK\u00daTNE"},"content":{"rendered":"<p><a href=\"http:\/\/megamedix.sk\/?page_id=159\">sp\u00e4\u0165 na dotazn\u00edky na stiahnutie<\/a><\/p>\n<p><a href=\"http:\/\/megamedix.sk\/wp-content\/uploads\/2017\/04\/1AcuteAirways.pdf\">1AcuteAirways<\/a><\/p>\n<p><a href=\"http:\/\/megamedix.sk\/wp-content\/uploads\/2017\/04\/1Dychacie-cesty.doc\">1Dychacie-cesty<\/a><\/p>\n<p><a href=\"http:\/\/megamedix.sk\/wp-content\/uploads\/2017\/04\/2AcuteEarNoseThroatEye.pdf\">2AcuteEarNoseThroatEye<\/a><\/p>\n<p><a href=\"http:\/\/megamedix.sk\/wp-content\/uploads\/2017\/04\/2Usi_nos_hrdlo_oci.doc\">2Usi_nos_hrdlo_oci<\/a><\/p>\n<p><a href=\"http:\/\/megamedix.sk\/wp-content\/uploads\/2017\/04\/3AcuteGastro.pdf\">3AcuteGastro<\/a><\/p>\n<p><a href=\"http:\/\/megamedix.sk\/wp-content\/uploads\/2017\/04\/3Gastrointestinalny-trakt.doc\">3Gastrointestinalny-trakt<\/a><\/p>\n<p><a href=\"http:\/\/megamedix.sk\/wp-content\/uploads\/2017\/04\/4AcuteHeadache.pdf\">4AcuteHeadache<\/a><\/p>\n<p><a href=\"http:\/\/megamedix.sk\/wp-content\/uploads\/2017\/04\/4Bolesti-hlavy_zavraty.doc\">4Bolesti-hlavy_zavraty<\/a><\/p>\n<p><a href=\"http:\/\/megamedix.sk\/wp-content\/uploads\/2017\/04\/5AcuteInfants.pdf\">5AcuteInfants<\/a><\/p>\n<p><a href=\"http:\/\/megamedix.sk\/wp-content\/uploads\/2017\/04\/5dojcata_deti.doc\">5dojcata_deti<\/a><\/p>\n<p><a href=\"http:\/\/megamedix.sk\/wp-content\/uploads\/2017\/04\/6AcuteInfluenza.pdf\">6AcuteInfluenza<\/a><\/p>\n<p><a href=\"http:\/\/megamedix.sk\/wp-content\/uploads\/2017\/04\/6Chripka-a-chrpkove-ochorenia.doc\">6Chripka-a-chrpkove-ochorenia<\/a><\/p>\n<p><a href=\"http:\/\/megamedix.sk\/wp-content\/uploads\/2017\/04\/7AcuteMusculoskeletal.pdf\">7AcuteMusculoskeletal<\/a><\/p>\n<p><a href=\"http:\/\/megamedix.sk\/wp-content\/uploads\/2017\/04\/7Muskoskeletalne-ochorenia.doc\">7Muskoskeletalne-ochorenia<\/a><\/p>\n<p><a href=\"http:\/\/megamedix.sk\/wp-content\/uploads\/2017\/04\/8AcuteUrinary.pdf\">8AcuteUrinary<\/a><\/p>\n<p><a href=\"http:\/\/megamedix.sk\/wp-content\/uploads\/2017\/04\/8Mocove-cesty.doc\">8Mocove-cesty<\/a><\/p>\n","protected":false},"excerpt":{"rendered":"<p>sp\u00e4\u0165 na dotazn\u00edky na stiahnutie 1AcuteAirways 1Dychacie-cesty 2AcuteEarNoseThroatEye 2Usi_nos_hrdlo_oci 3AcuteGastro 3Gastrointestinalny-trakt 4AcuteHeadache 4Bolesti-hlavy_zavraty 5AcuteInfants 5dojcata_deti 6AcuteInfluenza 6Chripka-a-chrpkove-ochorenia 7AcuteMusculoskeletal 7Muskoskeletalne-ochorenia 8AcuteUrinary 8Mocove-cesty<\/p>\n","protected":false},"author":3,"featured_media":0,"parent":0,"menu_order":0,"comment_status":"closed","ping_status":"closed","template":"","meta":{"footnotes":""},"class_list":["post-13","page","type-page","status-publish","hentry"],"_links":{"self":[{"href":"https:\/\/megamedix.sk\/index.php?rest_route=\/wp\/v2\/pages\/13","targetHints":{"allow":["GET"]}}],"collection":[{"href":"https:\/\/megamedix.sk\/index.php?rest_route=\/wp\/v2\/pages"}],"about":[{"href":"https:\/\/megamedix.sk\/index.php?rest_route=\/wp\/v2\/types\/page"}],"author":[{"embeddable":true,"href":"https:\/\/megamedix.sk\/index.php?rest_route=\/wp\/v2\/users\/3"}],"replies":[{"embeddable":true,"href":"https:\/\/megamedix.sk\/index.php?rest_route=%2Fwp%2Fv2%2Fcomments&post=13"}],"version-history":[{"count":4,"href":"https:\/\/megamedix.sk\/index.php?rest_route=\/wp\/v2\/pages\/13\/revisions"}],"predecessor-version":[{"id":169,"href":"https:\/\/megamedix.sk\/index.php?rest_route=\/wp\/v2\/pages\/13\/revisions\/169"}],"wp:attachment":[{"href":"https:\/\/megamedix.sk\/index.php?rest_route=%2Fwp%2Fv2%2Fmedia&parent=13"}],"curies":[{"name":"wp","href":"https:\/\/api.w.org\/{rel}","templated":true}]}}