{"id":15,"date":"2017-04-15T20:58:40","date_gmt":"2017-04-15T18:58:40","guid":{"rendered":"http:\/\/megamedix.sk\/?page_id=15"},"modified":"2017-04-20T13:15:04","modified_gmt":"2017-04-20T11:15:04","slug":"doatzniky-pre-chronicke-stavy","status":"publish","type":"page","link":"https:\/\/megamedix.sk\/?page_id=15","title":{"rendered":"Dotazn\u00edky CHRONICK\u00c9"},"content":{"rendered":"<p><a href=\"http:\/\/megamedix.sk\/?page_id=159\">sp\u00e4\u0165 na dotazn\u00edky na stiahnutie<\/a><\/p>\n<p><a href=\"http:\/\/megamedix.sk\/wp-content\/uploads\/2017\/04\/1ChronicGynaecology.pdf\">1ChronicGynaecology<\/a><\/p>\n<p><a href=\"http:\/\/megamedix.sk\/wp-content\/uploads\/2017\/04\/1gynekologicke-ustrojenstvo.doc\">1gynekologicke-ustrojenstvo<\/a><\/p>\n<p><a href=\"http:\/\/megamedix.sk\/wp-content\/uploads\/2017\/04\/2ChronicAirways.pdf\">2ChronicAirways<\/a><\/p>\n<p><a href=\"http:\/\/megamedix.sk\/wp-content\/uploads\/2017\/04\/2dychacie-cesty.doc\">2dychacie-cesty<\/a><\/p>\n<p><a href=\"http:\/\/megamedix.sk\/wp-content\/uploads\/2017\/04\/3ChronicCardiovascular.pdf\">3ChronicCardiovascular<\/a><\/p>\n<p><a href=\"http:\/\/megamedix.sk\/wp-content\/uploads\/2017\/04\/3Srdcovo-cievny-system.doc\">3Srdcovo-cievny-system<\/a><\/p>\n<p><a href=\"http:\/\/megamedix.sk\/wp-content\/uploads\/2017\/04\/4ChronicEarNoseThroatEye.pdf\">4ChronicEarNoseThroatEye<\/a><\/p>\n<p><a href=\"http:\/\/megamedix.sk\/wp-content\/uploads\/2017\/04\/4Usi_nos_hrdlo_oci.doc\">4Usi_nos_hrdlo_oci<\/a><\/p>\n<p><a href=\"http:\/\/megamedix.sk\/wp-content\/uploads\/2017\/04\/5ChronicSleep.pdf\">5ChronicSleep<\/a><\/p>\n<p><a href=\"http:\/\/megamedix.sk\/wp-content\/uploads\/2017\/04\/5Poruchy-spanku.doc\">5Poruchy-spanku<\/a><\/p>\n<p><a href=\"http:\/\/megamedix.sk\/wp-content\/uploads\/2017\/04\/6ChronicMusculoskeletal.pdf\">6ChronicMusculoskeletal<\/a><\/p>\n<p><a href=\"http:\/\/megamedix.sk\/wp-content\/uploads\/2017\/04\/6muskoskeletarny-system.doc\">6muskoskeletarny-system<\/a><\/p>\n<p><a href=\"http:\/\/megamedix.sk\/wp-content\/uploads\/2017\/04\/7ChronicNeurology.pdf\">7ChronicNeurology<\/a><\/p>\n<p><a href=\"http:\/\/megamedix.sk\/wp-content\/uploads\/2017\/04\/7neurologicke-tazkosti.doc\">7neurologicke-tazkosti<\/a><\/p>\n<p><a href=\"http:\/\/megamedix.sk\/wp-content\/uploads\/2017\/04\/8ChronicUrinary.pdf\">8ChronicUrinary<\/a><\/p>\n<p><a href=\"http:\/\/megamedix.sk\/wp-content\/uploads\/2017\/04\/8mocove-cesty.doc\">8mocove-cesty<\/a><\/p>\n<p><a href=\"http:\/\/megamedix.sk\/wp-content\/uploads\/2017\/04\/9ChronicMind.pdf\">9ChronicMind<\/a><\/p>\n<p><a href=\"http:\/\/megamedix.sk\/wp-content\/uploads\/2017\/04\/9Mysel.doc\">9Mysel<\/a><\/p>\n<p><a href=\"http:\/\/megamedix.sk\/wp-content\/uploads\/2017\/04\/10ChronicGastro.pdf\">10ChronicGastro<\/a><\/p>\n<p><a href=\"http:\/\/megamedix.sk\/wp-content\/uploads\/2017\/04\/10zaludok_creva.doc\">10zaludok_creva<\/a><\/p>\n<p><a href=\"http:\/\/megamedix.sk\/wp-content\/uploads\/2017\/04\/11AdditionalComplaints.pdf\">11AdditionalComplaints<\/a><\/p>\n<p><a href=\"http:\/\/megamedix.sk\/wp-content\/uploads\/2017\/04\/11Pridruzene-problemy.docx\">11Pridruzene-problemy<\/a><\/p>\n<p><a href=\"http:\/\/megamedix.sk\/wp-content\/uploads\/2017\/04\/12ADHDAssessment.pdf\">12ADHDAssessment<\/a><\/p>\n<p><a href=\"http:\/\/megamedix.sk\/wp-content\/uploads\/2017\/04\/12Posudok-pre-chronicke-ochorenia-ADHD-ADD.docx\">12Posudok-pre-chronicke-ochorenia-ADHD-ADD<\/a><\/p>\n","protected":false},"excerpt":{"rendered":"<p>sp\u00e4\u0165 na dotazn\u00edky na stiahnutie 1ChronicGynaecology 1gynekologicke-ustrojenstvo 2ChronicAirways 2dychacie-cesty 3ChronicCardiovascular 3Srdcovo-cievny-system 4ChronicEarNoseThroatEye 4Usi_nos_hrdlo_oci 5ChronicSleep 5Poruchy-spanku 6ChronicMusculoskeletal 6muskoskeletarny-system 7ChronicNeurology 7neurologicke-tazkosti 8ChronicUrinary 8mocove-cesty 9ChronicMind 9Mysel 10ChronicGastro 10zaludok_creva 11AdditionalComplaints 11Pridruzene-problemy 12ADHDAssessment 12Posudok-pre-chronicke-ochorenia-ADHD-ADD<\/p>\n","protected":false},"author":3,"featured_media":0,"parent":0,"menu_order":0,"comment_status":"closed","ping_status":"closed","template":"","meta":{"footnotes":""},"class_list":["post-15","page","type-page","status-publish","hentry"],"_links":{"self":[{"href":"https:\/\/megamedix.sk\/index.php?rest_route=\/wp\/v2\/pages\/15","targetHints":{"allow":["GET"]}}],"collection":[{"href":"https:\/\/megamedix.sk\/index.php?rest_route=\/wp\/v2\/pages"}],"about":[{"href":"https:\/\/megamedix.sk\/index.php?rest_route=\/wp\/v2\/types\/page"}],"author":[{"embeddable":true,"href":"https:\/\/megamedix.sk\/index.php?rest_route=\/wp\/v2\/users\/3"}],"replies":[{"embeddable":true,"href":"https:\/\/megamedix.sk\/index.php?rest_route=%2Fwp%2Fv2%2Fcomments&post=15"}],"version-history":[{"count":6,"href":"https:\/\/megamedix.sk\/index.php?rest_route=\/wp\/v2\/pages\/15\/revisions"}],"predecessor-version":[{"id":170,"href":"https:\/\/megamedix.sk\/index.php?rest_route=\/wp\/v2\/pages\/15\/revisions\/170"}],"wp:attachment":[{"href":"https:\/\/megamedix.sk\/index.php?rest_route=%2Fwp%2Fv2%2Fmedia&parent=15"}],"curies":[{"name":"wp","href":"https:\/\/api.w.org\/{rel}","templated":true}]}}