{"id":151,"date":"2017-04-19T21:20:41","date_gmt":"2017-04-19T19:20:41","guid":{"rendered":"http:\/\/megamedix.sk\/?page_id=151"},"modified":"2017-04-19T21:28:59","modified_gmt":"2017-04-19T19:28:59","slug":"dotazniky-interaktivne-chronicke","status":"publish","type":"page","link":"https:\/\/megamedix.sk\/?page_id=151","title":{"rendered":"INTERAKT\u00cdVNE-chronick\u00e9"},"content":{"rendered":"<p>Vyberte si z\u00a0 dotazn\u00edkov v menu INTERAKT\u00cdVNE-chronick\u00e9.<br \/>\nVypl\u0148te a odo\u0161lite formul\u00e1r.<\/p>\n","protected":false},"excerpt":{"rendered":"<p>Vyberte si z\u00a0 dotazn\u00edkov v menu INTERAKT\u00cdVNE-chronick\u00e9. Vypl\u0148te a odo\u0161lite formul\u00e1r.<\/p>\n","protected":false},"author":3,"featured_media":0,"parent":0,"menu_order":0,"comment_status":"closed","ping_status":"closed","template":"","meta":{"footnotes":""},"class_list":["post-151","page","type-page","status-publish","hentry"],"_links":{"self":[{"href":"https:\/\/megamedix.sk\/index.php?rest_route=\/wp\/v2\/pages\/151","targetHints":{"allow":["GET"]}}],"collection":[{"href":"https:\/\/megamedix.sk\/index.php?rest_route=\/wp\/v2\/pages"}],"about":[{"href":"https:\/\/megamedix.sk\/index.php?rest_route=\/wp\/v2\/types\/page"}],"author":[{"embeddable":true,"href":"https:\/\/megamedix.sk\/index.php?rest_route=\/wp\/v2\/users\/3"}],"replies":[{"embeddable":true,"href":"https:\/\/megamedix.sk\/index.php?rest_route=%2Fwp%2Fv2%2Fcomments&post=151"}],"version-history":[{"count":4,"href":"https:\/\/megamedix.sk\/index.php?rest_route=\/wp\/v2\/pages\/151\/revisions"}],"predecessor-version":[{"id":163,"href":"https:\/\/megamedix.sk\/index.php?rest_route=\/wp\/v2\/pages\/151\/revisions\/163"}],"wp:attachment":[{"href":"https:\/\/megamedix.sk\/index.php?rest_route=%2Fwp%2Fv2%2Fmedia&parent=151"}],"curies":[{"name":"wp","href":"https:\/\/api.w.org\/{rel}","templated":true}]}}