{"id":80,"date":"2017-04-16T16:14:01","date_gmt":"2017-04-16T14:14:01","guid":{"rendered":"http:\/\/megamedix.sk\/?page_id=80"},"modified":"2017-04-19T21:29:15","modified_gmt":"2017-04-19T19:29:15","slug":"dotazniky-interaktivne","status":"publish","type":"page","link":"https:\/\/megamedix.sk\/?page_id=80","title":{"rendered":"INTERAKT\u00cdVNE-ak\u00fatne"},"content":{"rendered":"<p>Vyberte si z\u00a0 dotazn\u00edkov v menu INTERAKT\u00cdVNE-ak\u00fatne.<br \/>\nVypl\u0148te a odo\u0161lite formul\u00e1r.<\/p>\n","protected":false},"excerpt":{"rendered":"<p>Vyberte si z\u00a0 dotazn\u00edkov v menu INTERAKT\u00cdVNE-ak\u00fatne. Vypl\u0148te a odo\u0161lite formul\u00e1r.<\/p>\n","protected":false},"author":3,"featured_media":0,"parent":0,"menu_order":0,"comment_status":"closed","ping_status":"closed","template":"","meta":{"footnotes":""},"class_list":["post-80","page","type-page","status-publish","hentry"],"_links":{"self":[{"href":"https:\/\/megamedix.sk\/index.php?rest_route=\/wp\/v2\/pages\/80","targetHints":{"allow":["GET"]}}],"collection":[{"href":"https:\/\/megamedix.sk\/index.php?rest_route=\/wp\/v2\/pages"}],"about":[{"href":"https:\/\/megamedix.sk\/index.php?rest_route=\/wp\/v2\/types\/page"}],"author":[{"embeddable":true,"href":"https:\/\/megamedix.sk\/index.php?rest_route=\/wp\/v2\/users\/3"}],"replies":[{"embeddable":true,"href":"https:\/\/megamedix.sk\/index.php?rest_route=%2Fwp%2Fv2%2Fcomments&post=80"}],"version-history":[{"count":5,"href":"https:\/\/megamedix.sk\/index.php?rest_route=\/wp\/v2\/pages\/80\/revisions"}],"predecessor-version":[{"id":164,"href":"https:\/\/megamedix.sk\/index.php?rest_route=\/wp\/v2\/pages\/80\/revisions\/164"}],"wp:attachment":[{"href":"https:\/\/megamedix.sk\/index.php?rest_route=%2Fwp%2Fv2%2Fmedia&parent=80"}],"curies":[{"name":"wp","href":"https:\/\/api.w.org\/{rel}","templated":true}]}}